{"id":7230,"date":"2018-02-06T21:23:50","date_gmt":"2018-02-06T21:23:50","guid":{"rendered":"https:\/\/4.vacations\/contacto\/"},"modified":"2023-09-16T09:33:57","modified_gmt":"2023-09-16T09:33:57","slug":"contacto","status":"publish","type":"page","link":"https:\/\/4.vacations\/es\/contacto\/","title":{"rendered":"Contacto"},"content":{"rendered":"<p>[et_pb_section fb_built=\u00bb1&#8243; _builder_version=\u00bb4.22.1&#8243; background_color=\u00bb#2c2c45&#8243; use_background_color_gradient=\u00bbon\u00bb background_color_gradient_direction=\u00bb1deg\u00bb background_color_gradient_stops=\u00bb#2c2c45 0%|#3f3f64 100%\u00bb background_color_gradient_start=\u00bb#2c2c45&#8243; background_color_gradient_end=\u00bb#3f3f64&#8243; background_enable_image=\u00bboff\u00bb background_size=\u00bbcontain\u00bb background_position=\u00bbtop_center\u00bb background_enable_pattern_style=\u00bbon\u00bb background_pattern_style=\u00bbhoneycomb\u00bb custom_margin=\u00bb0px||||false|false\u00bb custom_padding=\u00bb0px||20px||false|false\u00bb global_colors_info=\u00bb{}\u00bb][et_pb_row custom_padding_last_edited=\u00bboff|desktop\u00bb _builder_version=\u00bb4.22.1&#8243; custom_margin=\u00bb0px||||false|false\u00bb custom_padding=\u00bb0px||||false|false\u00bb global_colors_info=\u00bb{}\u00bb][et_pb_column type=\u00bb4_4&#8243; _builder_version=\u00bb4.16&#8243; custom_padding=\u00bb|||\u00bb global_colors_info=\u00bb{}\u00bb custom_padding__hover=\u00bb|||\u00bb][et_pb_image src=\u00bbhttps:\/\/4.vacations\/wp-content\/uploads\/2023\/09\/AI-traveler.jpg\u00bb title_text=\u00bbAI-viajero\u00bb align=\u00bbcenter\u00bb _builder_version=\u00bb4.22.1&#8243; _module_preset=\u00bbdefault\u00bb custom_margin=\u00bb0px||||false|false\u00bb custom_padding=\u00bb0px||||false|false\u00bb global_colors_info=\u00bb{}\u00bb][\/et_pb_image][et_pb_text _builder_version=\u00bb4.22.1&#8243; _module_preset=\u00bbdefault\u00bb text_text_color=\u00bb#FFF370&#8243; background_color=\u00bb#2c2c45&#8243; custom_padding=\u00bb20px|20px|20px|20px|true|true\u00bb global_colors_info=\u00bb{}\u00bb]<\/p>\n<p>Utilice el chatbot que aparece a continuaci\u00f3n para proporcionar informaci\u00f3n b\u00e1sica y formular preguntas.<\/p>\n<p>La utilizamos para ofrecer asistencia de alta calidad. Por lo tanto, escriba su nombre real y su direcci\u00f3n de correo electr\u00f3nico.<\/p>\n<p><strong>Ahora haz CLICK en una bandera para cargar el chatbot en tu idioma preferido:<\/strong><\/p>\n<p>[\/et_pb_text][\/et_pb_column][\/et_pb_row][et_pb_row column_structure=\u00bb1_6,1_6,1_6,1_6,1_6,1_6&#8243; module_id=\u00bblanguages\u00bb _builder_version=\u00bb4.22.1&#8243; _module_preset=\u00bbdefault\u00bb global_colors_info=\u00bb{}\u00bb][et_pb_column type=\u00bb1_6&#8243; _builder_version=\u00bb4.22.1&#8243; _module_preset=\u00bbdefault\u00bb global_colors_info=\u00bb{}\u00bb][et_pb_image src=\u00bbhttps:\/\/4.vacations\/wp-content\/uploads\/2023\/09\/English.png\u00bb title_text=\u00bbEnglish\u00bb url=\u00bb#english\u00bb admin_label=\u00bbImage English\u00bb module_id=\u00bbflag_en\u00bb module_class=\u00bbflag-icon\u00bb _builder_version=\u00bb4.22.1&#8243; _module_preset=\u00bbdefault\u00bb global_colors_info=\u00bb{}\u00bb transform_styles__hover_enabled=\u00bbon|hover\u00bb transform_scale__hover_enabled=\u00bbon|hover\u00bb transform_translate__hover_enabled=\u00bbon|desktop\u00bb transform_rotate__hover_enabled=\u00bbon|desktop\u00bb transform_skew__hover_enabled=\u00bbon|desktop\u00bb transform_origin__hover_enabled=\u00bbon|desktop\u00bb transform_scale__hover=\u00bb95%|95%\u00bb filter_saturate__hover_enabled=\u00bbon|hover\u00bb filter_saturate__hover=\u00bb50%\u00bb][\/et_pb_image][\/et_pb_column][et_pb_column type=\u00bb1_6&#8243; _builder_version=\u00bb4.22.1&#8243; _module_preset=\u00bbdefault\u00bb global_colors_info=\u00bb{}\u00bb][et_pb_image src=\u00bbhttps:\/\/4.vacations\/wp-content\/uploads\/2023\/09\/German.png\u00bb title_text=\u00bbGerman\u00bb url=\u00bb#german\u00bb admin_label=\u00bbImage German\u00bb module_id=\u00bbflag_de\u00bb module_class=\u00bbflag-icon\u00bb _builder_version=\u00bb4.22.1&#8243; _module_preset=\u00bbdefault\u00bb global_colors_info=\u00bb{}\u00bb transform_styles__hover_enabled=\u00bbon|hover\u00bb transform_scale__hover_enabled=\u00bbon|hover\u00bb transform_translate__hover_enabled=\u00bbon|desktop\u00bb transform_rotate__hover_enabled=\u00bbon|desktop\u00bb transform_skew__hover_enabled=\u00bbon|desktop\u00bb transform_origin__hover_enabled=\u00bbon|desktop\u00bb transform_scale__hover=\u00bb95%|95%\u00bb filter_saturate__hover_enabled=\u00bbon|hover\u00bb filter_saturate__hover=\u00bb50%\u00bb][\/et_pb_image][\/et_pb_column][et_pb_column type=\u00bb1_6&#8243; _builder_version=\u00bb4.22.1&#8243; _module_preset=\u00bbdefault\u00bb global_colors_info=\u00bb{}\u00bb][et_pb_image src=\u00bbhttps:\/\/4.vacations\/wp-content\/uploads\/2023\/09\/Polish.png\u00bb title_text=\u00bbPolish\u00bb url=\u00bb#polish\u00bb admin_label=\u00bbImage Polish\u00bb module_id=\u00bbflag_pl\u00bb module_class=\u00bbflag-icon\u00bb _builder_version=\u00bb4.22.1&#8243; _module_preset=\u00bbdefault\u00bb global_colors_info=\u00bb{}\u00bb transform_styles__hover_enabled=\u00bbon|hover\u00bb transform_scale__hover_enabled=\u00bbon|hover\u00bb transform_translate__hover_enabled=\u00bbon|desktop\u00bb transform_rotate__hover_enabled=\u00bbon|desktop\u00bb transform_skew__hover_enabled=\u00bbon|desktop\u00bb transform_origin__hover_enabled=\u00bbon|desktop\u00bb transform_scale__hover=\u00bb95%|95%\u00bb filter_saturate__hover_enabled=\u00bbon|hover\u00bb filter_saturate__hover=\u00bb50%\u00bb][\/et_pb_image][\/et_pb_column][et_pb_column type=\u00bb1_6&#8243; _builder_version=\u00bb4.22.1&#8243; _module_preset=\u00bbdefault\u00bb global_colors_info=\u00bb{}\u00bb][et_pb_image src=\u00bbhttps:\/\/4.vacations\/wp-content\/uploads\/2023\/09\/Spanish.png\u00bb title_text=\u00bbSpanish\u00bb url=\u00bb#spanish\u00bb admin_label=\u00bbImage Spanish\u00bb module_id=\u00bbflag_es\u00bb module_class=\u00bbflag-icon\u00bb _builder_version=\u00bb4.22.1&#8243; _module_preset=\u00bbdefault\u00bb global_colors_info=\u00bb{}\u00bb transform_styles__hover_enabled=\u00bbon|hover\u00bb transform_scale__hover_enabled=\u00bbon|hover\u00bb transform_translate__hover_enabled=\u00bbon|desktop\u00bb transform_rotate__hover_enabled=\u00bbon|desktop\u00bb transform_skew__hover_enabled=\u00bbon|desktop\u00bb transform_origin__hover_enabled=\u00bbon|desktop\u00bb transform_scale__hover=\u00bb95%|95%\u00bb filter_saturate__hover_enabled=\u00bbon|hover\u00bb filter_saturate__hover=\u00bb50%\u00bb][\/et_pb_image][\/et_pb_column][et_pb_column type=\u00bb1_6&#8243; _builder_version=\u00bb4.22.1&#8243; _module_preset=\u00bbdefault\u00bb global_colors_info=\u00bb{}\u00bb][et_pb_image src=\u00bbhttps:\/\/4.vacations\/wp-content\/uploads\/2023\/09\/Ukrainian.png\u00bb title_text=\u00bbUkrainian\u00bb url=\u00bb#ukrainian\u00bb admin_label=\u00bbImage Ukrainian\u00bb module_id=\u00bbflag_uk\u00bb module_class=\u00bbflag-icon\u00bb _builder_version=\u00bb4.22.1&#8243; _module_preset=\u00bbdefault\u00bb global_colors_info=\u00bb{}\u00bb transform_styles__hover_enabled=\u00bbon|hover\u00bb transform_scale__hover_enabled=\u00bbon|hover\u00bb transform_translate__hover_enabled=\u00bbon|desktop\u00bb transform_rotate__hover_enabled=\u00bbon|desktop\u00bb transform_skew__hover_enabled=\u00bbon|desktop\u00bb transform_origin__hover_enabled=\u00bbon|desktop\u00bb transform_scale__hover=\u00bb95%|95%\u00bb filter_saturate__hover_enabled=\u00bbon|hover\u00bb filter_saturate__hover=\u00bb50%\u00bb][\/et_pb_image][\/et_pb_column][et_pb_column type=\u00bb1_6&#8243; _builder_version=\u00bb4.22.1&#8243; _module_preset=\u00bbdefault\u00bb global_colors_info=\u00bb{}\u00bb][et_pb_image src=\u00bbhttps:\/\/4.vacations\/wp-content\/uploads\/2023\/09\/Italian.png\u00bb title_text=\u00bbItalian\u00bb url=\u00bb#italian\u00bb admin_label=\u00bbImage Italian\u00bb module_id=\u00bbflag_it\u00bb module_class=\u00bbflag-icon\u00bb _builder_version=\u00bb4.22.1&#8243; _module_preset=\u00bbdefault\u00bb global_colors_info=\u00bb{}\u00bb transform_styles__hover_enabled=\u00bbon|hover\u00bb transform_scale__hover_enabled=\u00bbon|hover\u00bb transform_translate__hover_enabled=\u00bbon|desktop\u00bb transform_rotate__hover_enabled=\u00bbon|desktop\u00bb transform_skew__hover_enabled=\u00bbon|desktop\u00bb transform_origin__hover_enabled=\u00bbon|desktop\u00bb transform_scale__hover=\u00bb95%|95%\u00bb filter_saturate__hover_enabled=\u00bbon|hover\u00bb filter_saturate__hover=\u00bb50%\u00bb][\/et_pb_image][\/et_pb_column][\/et_pb_row][et_pb_row module_id=\u00bblanguages_row\u00bb _builder_version=\u00bb4.22.1&#8243; _module_preset=\u00bbdefault\u00bb global_colors_info=\u00bb{}\u00bb][et_pb_column type=\u00bb4_4&#8243; _builder_version=\u00bb4.22.1&#8243; _module_preset=\u00bbdefault\u00bb global_colors_info=\u00bb{}\u00bb][et_pb_code _builder_version=\u00bb4.22.1&#8243; _module_preset=\u00bbdefault\u00bb global_colors_info=\u00bb{}\u00bb]<iframe loading=\"lazy\" id=\"iframe_chatbot\" src=\"\" width=\"100%\" height=\"0\" frameborder=\"0\" allow=\"geolocation\"><\/iframe><!-- [et_pb_line_break_holder] --><script><!-- [et_pb_line_break_holder] -->jQuery(document).ready(function($) {<!-- [et_pb_line_break_holder] -->  \/\/ Define an object that maps flags to iframe URLs<!-- [et_pb_line_break_holder] -->  var flagToUrl = {<!-- [et_pb_line_break_holder] -->    'flag_en': 'https:\/\/chat.pages.intelligentcustomerzone.com\/boot\/HaCIrf',<!-- [et_pb_line_break_holder] -->    'flag_de': 'https:\/\/chat.pages.intelligentcustomerzone.com\/boot\/xXKzk3',<!-- [et_pb_line_break_holder] -->    'flag_pl': 'https:\/\/chat.pages.intelligentcustomerzone.com\/boot\/Y90xE1',<!-- [et_pb_line_break_holder] -->    'flag_es': 'https:\/\/chat.pages.intelligentcustomerzone.com\/boot\/oEfbcj',<!-- [et_pb_line_break_holder] -->    'flag_uk': 'https:\/\/chat.pages.intelligentcustomerzone.com\/boot\/YPxwuX',<!-- [et_pb_line_break_holder] -->    'flag_it': 'https:\/\/chat.pages.intelligentcustomerzone.com\/boot\/G94JMb',<!-- [et_pb_line_break_holder] -->  };<!-- [et_pb_line_break_holder] --><!-- [et_pb_line_break_holder] -->  \/\/ Listen for clicks on flag images<!-- [et_pb_line_break_holder] -->  $('.flag-icon').click(function() {<!-- [et_pb_line_break_holder] -->    \/\/ Get the ID of the clicked flag<!-- [et_pb_line_break_holder] -->    var flagId = $(this).attr('id');<!-- [et_pb_line_break_holder] -->    <!-- [et_pb_line_break_holder] -->    \/\/ Remove the CSS filter from all .flag-icon elements<!-- [et_pb_line_break_holder] -->    $('.flag-icon').css('filter', 'none');<!-- [et_pb_line_break_holder] -->    <!-- [et_pb_line_break_holder] -->    \/\/ Add the CSS filter to the clicked .flag-icon<!-- [et_pb_line_break_holder] -->    $(this).css('filter', 'grayscale(100%)');<!-- [et_pb_line_break_holder] -->    $('#iframe_chatbot').css('background-color', 'black');<!-- [et_pb_line_break_holder] -->    $('#iframe_chatbot').css('height', '85vh');<!-- [et_pb_line_break_holder] -->    <!-- [et_pb_line_break_holder] -->    \/\/ Check if there's a URL mapped to the clicked flag<!-- [et_pb_line_break_holder] -->    if (flagToUrl.hasOwnProperty(flagId)) {<!-- [et_pb_line_break_holder] -->      \/\/ Get the corresponding URL and set it as the iframe source<!-- [et_pb_line_break_holder] -->      var iframeSrc = flagToUrl[flagId];<!-- [et_pb_line_break_holder] -->      $('#iframe_chatbot').attr('src', iframeSrc);<!-- [et_pb_line_break_holder] -->    }<!-- [et_pb_line_break_holder] -->    const anchorElement = document.getElementById(\"languages_row\");<!-- [et_pb_line_break_holder] --><!-- [et_pb_line_break_holder] -->    if (anchorElement) {<!-- [et_pb_line_break_holder] -->        \/\/ Scroll to the anchor element<!-- [et_pb_line_break_holder] -->        anchorElement.scrollIntoView({ behavior: \"smooth\" });<!-- [et_pb_line_break_holder] -->    }    <!-- [et_pb_line_break_holder] -->  });<!-- [et_pb_line_break_holder] -->});<!-- [et_pb_line_break_holder] --><\/script><!-- [et_pb_line_break_holder] --><\/p>\n<style><!-- [et_pb_line_break_holder] -->  @media (max-width:980px) {<!-- [et_pb_line_break_holder] -->    #languages .et_pb_column {<!-- [et_pb_line_break_holder] -->      width: 120px!important;<!-- [et_pb_line_break_holder] -->      margin-left: 20px;<!-- [et_pb_line_break_holder] -->    }<!-- [et_pb_line_break_holder] -->  }<!-- [et_pb_line_break_holder] --><\/style>\n<p>[\/et_pb_code][\/et_pb_column][\/et_pb_row][\/et_pb_section][et_pb_section fb_built=\u00bb1&#8243; fullwidth=\u00bbon\u00bb _builder_version=\u00bb3.0.101&#8243; custom_padding=\u00bb|||\u00bb custom_css_before=\u00bbtop:-2px; ||position: absolute;||content: \u00bb; ||width: 160px;||left: 50%;||height: 100px;||margin-left: -80px;||background: url(\/wp-content\/uploads\/2018\/02\/shape_top.png) no-repeat;||background-sixe: contain;||background-position: top center;||z-index: 3;\u00bb global_module=\u00bb5354&#8243; global_colors_info=\u00bb{}\u00bb][et_pb_fullwidth_header title=\u00bbCambiemos\u00bb subhead=\u00bb&quot;Un d\u00eda&quot; por &quot;D\u00eda uno&quot;\u00bb text_orientation=\u00bbcenter\u00bb button_one_text=\u00bbSolicitud de participaci\u00f3n\u00bb button_one_url=\u00bbhttps:\/\/4.vacations\/es\/unete-al-club\/\u00bb background_overlay_color=\u00bbrgba(255,255,255,0)\u00bb admin_label=\u00bbFullwidth Header &#8211; CTA (Basic Homepage)\u00bb _builder_version=\u00bb4.22.1&#8243; title_font=\u00bb|700|||||||\u00bb content_font_size=\u00bb18px\u00bb subhead_font=\u00bbAboreto|700||on|||||\u00bb subhead_text_color=\u00bb#FFF370&#8243; subhead_font_size=\u00bb1.7em\u00bb subhead_line_height=\u00bb2em\u00bb background_color=\u00bb#3f3f64&#8243; use_background_color_gradient=\u00bbon\u00bb background_color_gradient_direction=\u00bb1deg\u00bb background_color_gradient_stops=\u00bb#2c2c45 0%|#3f3f64 100%\u00bb background_color_gradient_start=\u00bb#2c2c45&#8243; background_color_gradient_end=\u00bb#3f3f64&#8243; background_image=\u00bbhttps:\/\/4.vacations\/wp-content\/uploads\/2018\/02\/home_basic_bg_01.png\u00bb custom_button_one=\u00bbon\u00bb button_one_text_size=\u00bb21px\u00bb button_one_text_color=\u00bb#2c2c45&#8243; button_one_bg_color=\u00bb#ffffff\u00bb button_one_border_width=\u00bb3px\u00bb button_one_border_color=\u00bb#ffffff\u00bb button_one_icon=\u00bb&#x24;||divi||400&#8243; button_one_on_hover=\u00bboff\u00bb custom_padding=\u00bb65px||65px|\u00bb title_font_size_tablet=\u00bb\u00bb title_font_size_phone=\u00bb\u00bb title_font_size_last_edited=\u00bbon|desktop\u00bb button_one_text_color_hover=\u00bb#ffffff\u00bb button_one_border_color_hover=\u00bb#257df5&#8243; button_one_bg_color_hover=\u00bb#257df5&#8243; global_colors_info=\u00bb{}\u00bb button_one_text_size__hover_enabled=\u00bboff\u00bb button_two_text_size__hover_enabled=\u00bboff\u00bb button_one_text_color__hover_enabled=\u00bbon\u00bb button_one_text_color__hover=\u00bb#ffffff\u00bb button_two_text_color__hover_enabled=\u00bboff\u00bb button_one_border_width__hover_enabled=\u00bboff\u00bb button_two_border_width__hover_enabled=\u00bboff\u00bb button_one_border_color__hover_enabled=\u00bbon\u00bb button_one_border_color__hover=\u00bb#257df5&#8243; button_two_border_color__hover_enabled=\u00bboff\u00bb button_one_border_radius__hover_enabled=\u00bboff\u00bb button_two_border_radius__hover_enabled=\u00bboff\u00bb button_one_letter_spacing__hover_enabled=\u00bboff\u00bb button_two_letter_spacing__hover_enabled=\u00bboff\u00bb button_one_bg_color__hover_enabled=\u00bbon\u00bb button_one_bg_color__hover=\u00bb#257df5&#8243; button_two_bg_color__hover_enabled=\u00bboff\u00bb]<\/p>\n<p>T\u00fa eliges. As\u00ed que, pulsa el bot\u00f3n de abajo y s\u00fabete a bordo.<\/p>\n<p>[\/et_pb_fullwidth_header][\/et_pb_section]<\/p>\n<span class=\"et_bloom_bottom_trigger\"><\/span>","protected":false},"excerpt":{"rendered":"<p>Utilice el chatbot que aparece a continuaci\u00f3n para proporcionar informaci\u00f3n b\u00e1sica y formular preguntas. La utilizamos para ofrecer asistencia de alta calidad. Por lo tanto, escriba su nombre real y su direcci\u00f3n de correo electr\u00f3nico. Ahora haz CLICK en una bandera para cargar el chatbot en tu idioma preferido:T\u00fa eliges. As\u00ed que, pulsa el bot\u00f3n [&hellip;]<\/p>\n","protected":false},"author":1,"featured_media":0,"parent":0,"menu_order":0,"comment_status":"closed","ping_status":"closed","template":"","meta":{"_et_pb_use_builder":"on","_et_pb_old_content":"","_et_gb_content_width":"","footnotes":""},"class_list":["post-7230","page","type-page","status-publish","hentry"],"_links":{"self":[{"href":"https:\/\/4.vacations\/es\/wp-json\/wp\/v2\/pages\/7230","targetHints":{"allow":["GET"]}}],"collection":[{"href":"https:\/\/4.vacations\/es\/wp-json\/wp\/v2\/pages"}],"about":[{"href":"https:\/\/4.vacations\/es\/wp-json\/wp\/v2\/types\/page"}],"author":[{"embeddable":true,"href":"https:\/\/4.vacations\/es\/wp-json\/wp\/v2\/users\/1"}],"replies":[{"embeddable":true,"href":"https:\/\/4.vacations\/es\/wp-json\/wp\/v2\/comments?post=7230"}],"version-history":[{"count":0,"href":"https:\/\/4.vacations\/es\/wp-json\/wp\/v2\/pages\/7230\/revisions"}],"wp:attachment":[{"href":"https:\/\/4.vacations\/es\/wp-json\/wp\/v2\/media?parent=7230"}],"curies":[{"name":"wp","href":"https:\/\/api.w.org\/{rel}","templated":true}]}}