{"id":7247,"date":"2023-09-12T23:41:55","date_gmt":"2023-09-12T23:41:55","guid":{"rendered":"https:\/\/4.vacations\/unete-al-club\/"},"modified":"2023-09-20T13:37:06","modified_gmt":"2023-09-20T13:37:06","slug":"unete-al-club","status":"publish","type":"page","link":"https:\/\/4.vacations\/es\/unete-al-club\/","title":{"rendered":"\u00danete al Club"},"content":{"rendered":"<p>[et_pb_section fb_built=\u00bb1&#8243; _builder_version=\u00bb4.22.1&#8243; _module_preset=\u00bbdefault\u00bb background_color=\u00bb#000000&#8243; background_image=\u00bbhttps:\/\/4.vacations\/wp-content\/uploads\/2023\/09\/Join-the-club-4-scaled.jpg\u00bb background_size=\u00bbinitial\u00bb min_height=\u00bb1024px\u00bb custom_padding=\u00bb0px||||false|false\u00bb custom_css_main_element=\u00bbheight: calc(100vh &#8211; 100px);\u00bb global_colors_info=\u00bb{}\u00bb][et_pb_row column_structure=\u00bb1_3,1_3,1_3&#8243; _builder_version=\u00bb4.22.1&#8243; _module_preset=\u00bbdefault\u00bb custom_padding=\u00bb0px||||false|false\u00bb global_colors_info=\u00bb{}\u00bb][et_pb_column type=\u00bb1_3&#8243; _builder_version=\u00bb4.22.1&#8243; _module_preset=\u00bbdefault\u00bb global_colors_info=\u00bb{}\u00bb][et_pb_icon font_icon=\u00bb&#x51;||divi||400&#8243; icon_color=\u00bbrgba(255,255,255,0.5)\u00bb icon_width=\u00bb25px\u00bb url=\u00bb\/\u00bb align=\u00bbleft\u00bb admin_label=\u00bbIcon X\u00bb _builder_version=\u00bb4.22.1&#8243; _module_preset=\u00bbdefault\u00bb custom_margin=\u00bb10px||||false|false\u00bb global_colors_info=\u00bb{}\u00bb icon_color__hover_enabled=\u00bbon|desktop\u00bb icon_color__hover=\u00bb#FFFFFF\u00bb][\/et_pb_icon][et_pb_icon font_icon=\u00bb&#x74;||divi||400&#8243; icon_color=\u00bbrgba(255,255,255,0.5)\u00bb icon_width=\u00bb25px\u00bb url=\u00bb\/how-it-works\/\u00bb align=\u00bbleft\u00bb admin_label=\u00bbIcon ?\u00bb _builder_version=\u00bb4.22.1&#8243; _module_preset=\u00bbdefault\u00bb positioning=\u00bbabsolute\u00bb position_origin_a=\u00bbtop_right\u00bb horizontal_offset=\u00bb-760px\u00bb vertical_offset_last_edited=\u00bboff|desktop\u00bb horizontal_offset_tablet=\u00bb0px\u00bb horizontal_offset_phone=\u00bb0px\u00bb horizontal_offset_last_edited=\u00bbon|desktop\u00bb custom_margin=\u00bb10px||||false|false\u00bb global_colors_info=\u00bb{}\u00bb icon_color__hover_enabled=\u00bbon|desktop\u00bb icon_color__hover=\u00bb#FFFFFF\u00bb][\/et_pb_icon][\/et_pb_column][et_pb_column type=\u00bb1_3&#8243; _builder_version=\u00bb4.22.1&#8243; _module_preset=\u00bbdefault\u00bb global_colors_info=\u00bb{}\u00bb][et_pb_text _builder_version=\u00bb4.22.1&#8243; _module_preset=\u00bbdefault\u00bb text_text_color=\u00bb#FFFFFF\u00bb header_2_text_align=\u00bbcenter\u00bb header_2_text_color=\u00bb#FFFFFF\u00bb background_color=\u00bbrgba(0,0,0,0.6)\u00bb text_orientation=\u00bbcenter\u00bb custom_margin=\u00bb10px||||false|false\u00bb custom_margin_tablet=\u00bb10px||||false|false\u00bb custom_margin_phone=\u00bb-20px||||false|false\u00bb custom_margin_last_edited=\u00bbon|phone\u00bb custom_padding=\u00bb10px|10px|10px|10px|true|true\u00bb animation_style=\u00bbslide\u00bb animation_direction=\u00bbtop\u00bb animation_delay=\u00bb250ms\u00bb border_radii=\u00bbon|15px|15px|15px|15px\u00bb border_width_all=\u00bb1px\u00bb border_color_all=\u00bb#000000&#8243; global_colors_info=\u00bb{}\u00bb]<\/p>\n<h2><strong>Ad\u00e9ntrese en un mundo de maravillas<\/strong><\/h2>\n<p>Nuestro portal es su puerta a un sinf\u00edn de aventuras, donde cada destino es un sue\u00f1o hecho realidad.<\/p>\n<p>[\/et_pb_text][\/et_pb_column][et_pb_column type=\u00bb1_3&#8243; _builder_version=\u00bb4.22.1&#8243; _module_preset=\u00bbdefault\u00bb global_colors_info=\u00bb{}\u00bb][\/et_pb_column][\/et_pb_row][et_pb_row custom_padding_last_edited=\u00bbon|phone\u00bb _builder_version=\u00bb4.22.1&#8243; _module_preset=\u00bbdefault\u00bb background_enable_color=\u00bboff\u00bb width=\u00bb50%\u00bb width_tablet=\u00bb100%\u00bb width_phone=\u00bb100%\u00bb width_last_edited=\u00bbon|phone\u00bb height=\u00bb60vh\u00bb height_tablet=\u00bb50vh\u00bb height_phone=\u00bb40vh\u00bb height_last_edited=\u00bbon|phone\u00bb custom_padding_tablet=\u00bb\u00bb custom_padding_phone=\u00bb0px|0px|0px|0px|true|true\u00bb global_colors_info=\u00bb{}\u00bb][et_pb_column type=\u00bb4_4&#8243; _builder_version=\u00bb4.22.1&#8243; _module_preset=\u00bbdefault\u00bb global_colors_info=\u00bb{}\u00bb][et_pb_text _builder_version=\u00bb4.22.1&#8243; _module_preset=\u00bbdefault\u00bb text_text_color=\u00bb#FFFFFF\u00bb text_font_size=\u00bb1em\u00bb header_2_text_align=\u00bbcenter\u00bb header_2_text_color=\u00bb#FFFFFF\u00bb header_2_font_size=\u00bb1.5em\u00bb background_color=\u00bbrgba(0,0,0,0.5)\u00bb transform_rotate=\u00bb0deg|0deg|-90deg\u00bb positioning=\u00bbabsolute\u00bb vertical_offset=\u00bb168px\u00bb horizontal_offset=\u00bb-130px\u00bb vertical_offset_tablet=\u00bb168px\u00bb vertical_offset_phone=\u00bb140px\u00bb vertical_offset_last_edited=\u00bbon|phone\u00bb horizontal_offset_tablet=\u00bb-130px\u00bb horizontal_offset_phone=\u00bb-70px\u00bb horizontal_offset_last_edited=\u00bbon|phone\u00bb text_orientation=\u00bbcenter\u00bb width=\u00bb400px\u00bb width_tablet=\u00bb400px\u00bb width_phone=\u00bb300px\u00bb width_last_edited=\u00bbon|phone\u00bb custom_padding=\u00bb10px|10px|10px|10px|true|true\u00bb animation_style=\u00bbslide\u00bb animation_direction=\u00bbleft\u00bb animation_delay=\u00bb450ms\u00bb border_radii=\u00bbon|15px|15px|15px|15px\u00bb border_width_all=\u00bb1px\u00bb border_color_all=\u00bb#000000&#8243; global_colors_info=\u00bb{}\u00bb custom_css_main_element_last_edited=\u00bboff|desktop\u00bb]<\/p>\n<h2><strong>Para todos los exploradores<\/strong><\/h2>\n<p>Tanto si eres un n\u00f3mada digital, una familia de aventureros, un inversor o un propietario, nuestro club te da la bienvenida.<\/p>\n<p>[\/et_pb_text][et_pb_text _builder_version=\u00bb4.22.1&#8243; _module_preset=\u00bbdefault\u00bb text_text_color=\u00bb#FFFFFF\u00bb header_text_align=\u00bbcenter\u00bb header_text_color=\u00bbrgba(255,255,255,0.7)\u00bb header_2_text_align=\u00bbcenter\u00bb header_2_text_color=\u00bb#FFFFFF\u00bb background_enable_color=\u00bboff\u00bb positioning=\u00bbabsolute\u00bb position_origin_a=\u00bbtop_center\u00bb vertical_offset=\u00bb116px\u00bb vertical_offset_tablet=\u00bb10px\u00bb vertical_offset_phone=\u00bb-60px\u00bb vertical_offset_last_edited=\u00bbon|phone\u00bb text_orientation=\u00bbcenter\u00bb width=\u00bb400px\u00bb width_tablet=\u00bb\u00bb width_phone=\u00bb140px\u00bb width_last_edited=\u00bbon|phone\u00bb custom_padding=\u00bb10px|10px|10px|10px|true|true\u00bb custom_padding_tablet=\u00bb10px|10px|10px|10px|true|true\u00bb custom_padding_phone=\u00bb10px||0px||false|true\u00bb custom_padding_last_edited=\u00bbon|phone\u00bb animation_style=\u00bbfade\u00bb animation_delay=\u00bb600ms\u00bb hover_enabled=\u00bb0&#8243; background_color_phone=\u00bbrgba(0,0,0,0.3)\u00bb background_last_edited=\u00bbon|phone\u00bb background_enable_color_phone=\u00bbon\u00bb header_text_shadow_style=\u00bbpreset3&#8243; header_text_shadow_color=\u00bb#FFFFFF\u00bb border_radii_tablet=\u00bb\u00bb border_radii_phone=\u00bbon|15px|15px|15px|15px\u00bb border_radii_last_edited=\u00bbon|phone\u00bb border_width_all_tablet=\u00bb\u00bb border_width_all_phone=\u00bb1px\u00bb border_width_all_last_edited=\u00bbon|phone\u00bb global_colors_info=\u00bb{}\u00bb header_text_color__hover_enabled=\u00bbon|desktop\u00bb header_text_color__hover=\u00bb#FFF370&#8243; custom_css_main_element_last_edited=\u00bboff|desktop\u00bb sticky_enabled=\u00bb0&#8243;]<\/p>\n<h1><a class=\"join-the-club-link\" href=\"#jointheclub\">CLIC PARA UNIRSE<\/a><\/h1>\n<p>[\/et_pb_text][et_pb_text _builder_version=\u00bb4.22.1&#8243; _module_preset=\u00bbdefault\u00bb text_text_color=\u00bb#FFFFFF\u00bb header_2_text_align=\u00bbcenter\u00bb header_2_text_color=\u00bb#FFFFFF\u00bb header_2_font_size=\u00bb1.5em\u00bb background_color=\u00bbrgba(0,0,0,0.5)\u00bb transform_rotate=\u00bb0deg|0deg|90deg\u00bb positioning=\u00bbabsolute\u00bb position_origin_a=\u00bbtop_right\u00bb vertical_offset=\u00bb168px\u00bb horizontal_offset=\u00bb-120px\u00bb vertical_offset_tablet=\u00bb168px\u00bb vertical_offset_phone=\u00bb130px\u00bb vertical_offset_last_edited=\u00bbon|phone\u00bb horizontal_offset_tablet=\u00bb-120px\u00bb horizontal_offset_phone=\u00bb-70px\u00bb horizontal_offset_last_edited=\u00bbon|phone\u00bb text_orientation=\u00bbcenter\u00bb width=\u00bb400px\u00bb width_tablet=\u00bb400px\u00bb width_phone=\u00bb300px\u00bb width_last_edited=\u00bbon|phone\u00bb custom_padding=\u00bb10px|10px|10px|10px|true|true\u00bb animation_style=\u00bbslide\u00bb animation_direction=\u00bbright\u00bb animation_delay=\u00bb300ms\u00bb border_radii=\u00bbon|15px|15px|15px|15px\u00bb border_width_all=\u00bb1px\u00bb border_color_all=\u00bb#000000&#8243; global_colors_info=\u00bb{}\u00bb custom_css_main_element_last_edited=\u00bboff|desktop\u00bb]<\/p>\n<h2><strong>Invierta para ma\u00f1ana, \u00a1entre hoy en el portal!<\/strong><\/h2>\n<p>Explore el mundo de la inversi\u00f3n inmobiliaria a trav\u00e9s de nuestro club, diversificando su cartera.<\/p>\n<p>[\/et_pb_text][\/et_pb_column][\/et_pb_row][et_pb_row column_structure=\u00bb1_3,1_3,1_3&#8243; custom_padding_last_edited=\u00bbon|phone\u00bb _builder_version=\u00bb4.22.1&#8243; _module_preset=\u00bbdefault\u00bb custom_margin=\u00bb||||false|false\u00bb custom_padding=\u00bb||||false|false\u00bb custom_padding_tablet=\u00bb0px||||false|false\u00bb custom_padding_phone=\u00bb100px||||false|false\u00bb global_colors_info=\u00bb{}\u00bb][et_pb_column type=\u00bb1_3&#8243; _builder_version=\u00bb4.22.1&#8243; _module_preset=\u00bbdefault\u00bb global_colors_info=\u00bb{}\u00bb][\/et_pb_column][et_pb_column type=\u00bb1_3&#8243; _builder_version=\u00bb4.22.1&#8243; _module_preset=\u00bbdefault\u00bb global_colors_info=\u00bb{}\u00bb][et_pb_text _builder_version=\u00bb4.22.1&#8243; _module_preset=\u00bbdefault\u00bb text_text_color=\u00bb#FFFFFF\u00bb header_2_text_align=\u00bbcenter\u00bb header_2_text_color=\u00bb#FFFFFF\u00bb background_color=\u00bbrgba(0,0,0,0.5)\u00bb position_origin_a_tablet=\u00bb\u00bb position_origin_a_phone=\u00bbtop_center\u00bb position_origin_a_last_edited=\u00bbon|phone\u00bb position_origin_f_tablet=\u00bb\u00bb position_origin_f_phone=\u00bb\u00bb position_origin_f_last_edited=\u00bbon|phone\u00bb position_origin_r_tablet=\u00bb\u00bb position_origin_r_phone=\u00bb\u00bb position_origin_r_last_edited=\u00bbon|phone\u00bb text_orientation=\u00bbcenter\u00bb width_tablet=\u00bb\u00bb width_phone=\u00bb100%\u00bb width_last_edited=\u00bbon|phone\u00bb custom_padding=\u00bb10px|10px|10px|10px|true|true\u00bb animation_style=\u00bbslide\u00bb animation_direction=\u00bbbottom\u00bb animation_delay=\u00bb400ms\u00bb positioning_tablet=\u00bb\u00bb positioning_phone=\u00bbabsolute\u00bb positioning_last_edited=\u00bbon|phone\u00bb border_radii=\u00bbon|15px|15px|15px|15px\u00bb border_width_all=\u00bb1px\u00bb border_color_all=\u00bb#000000&#8243; global_colors_info=\u00bb{}\u00bb]<\/p>\n<h2><strong>Aprovecha el momento<\/strong><\/h2>\n<p>No espere m\u00e1s: su pr\u00f3xima gran aventura est\u00e1 a un solo clic. Entre en el portal y desbloquee su viaje hoy mismo.<\/p>\n<p>[\/et_pb_text][\/et_pb_column][et_pb_column type=\u00bb1_3&#8243; _builder_version=\u00bb4.22.1&#8243; _module_preset=\u00bbdefault\u00bb global_colors_info=\u00bb{}\u00bb][\/et_pb_column][\/et_pb_row][\/et_pb_section]<\/p>\n<span class=\"et_bloom_bottom_trigger\"><\/span>","protected":false},"excerpt":{"rendered":"<p>\u00danete al club<\/p>\n","protected":false},"author":1,"featured_media":0,"parent":0,"menu_order":0,"comment_status":"closed","ping_status":"closed","template":"","meta":{"_et_pb_use_builder":"on","_et_pb_old_content":"","_et_gb_content_width":"","footnotes":""},"class_list":["post-7247","page","type-page","status-publish","hentry"],"_links":{"self":[{"href":"https:\/\/4.vacations\/es\/wp-json\/wp\/v2\/pages\/7247","targetHints":{"allow":["GET"]}}],"collection":[{"href":"https:\/\/4.vacations\/es\/wp-json\/wp\/v2\/pages"}],"about":[{"href":"https:\/\/4.vacations\/es\/wp-json\/wp\/v2\/types\/page"}],"author":[{"embeddable":true,"href":"https:\/\/4.vacations\/es\/wp-json\/wp\/v2\/users\/1"}],"replies":[{"embeddable":true,"href":"https:\/\/4.vacations\/es\/wp-json\/wp\/v2\/comments?post=7247"}],"version-history":[{"count":0,"href":"https:\/\/4.vacations\/es\/wp-json\/wp\/v2\/pages\/7247\/revisions"}],"wp:attachment":[{"href":"https:\/\/4.vacations\/es\/wp-json\/wp\/v2\/media?parent=7247"}],"curies":[{"name":"wp","href":"https:\/\/api.w.org\/{rel}","templated":true}]}}