{"id":7253,"date":"2023-09-12T23:41:55","date_gmt":"2023-09-12T23:41:55","guid":{"rendered":"https:\/\/4.vacations\/unirsi-al-club\/"},"modified":"2023-09-20T13:36:00","modified_gmt":"2023-09-20T13:36:00","slug":"unirsi-al-club","status":"publish","type":"page","link":"https:\/\/4.vacations\/it\/unirsi-al-club\/","title":{"rendered":"Unisciti al Club"},"content":{"rendered":"<p>[et_pb_section fb_built=&#8221;1&#8243; _builder_version=&#8221;4.22.1&#8243; _module_preset=&#8221;default&#8221; background_color=&#8221;#000000&#8243; background_image=&#8221;https:\/\/4.vacations\/wp-content\/uploads\/2023\/09\/Join-the-club-4-scaled.jpg&#8221; background_size=&#8221;initial&#8221; min_height=&#8221;1024px&#8221; custom_padding=&#8221;0px||||false|false&#8221; custom_css_main_element=&#8221;height: calc(100vh &#8211; 100px);&#8221; global_colors_info=&#8221;{}&#8221;][et_pb_row column_structure=&#8221;1_3,1_3,1_3&#8243; _builder_version=&#8221;4.22.1&#8243; _module_preset=&#8221;default&#8221; custom_padding=&#8221;0px||||false|false&#8221; global_colors_info=&#8221;{}&#8221;][et_pb_column type=&#8221;1_3&#8243; _builder_version=&#8221;4.22.1&#8243; _module_preset=&#8221;default&#8221; global_colors_info=&#8221;{}&#8221;][et_pb_icon font_icon=&#8221;&#x51;||divi||400&#8243; icon_color=&#8221;rgba(255,255,255,0.5)&#8221; icon_width=&#8221;25px&#8221; url=&#8221;\/&#8221; align=&#8221;left&#8221; admin_label=&#8221;Icon X&#8221; _builder_version=&#8221;4.22.1&#8243; _module_preset=&#8221;default&#8221; custom_margin=&#8221;10px||||false|false&#8221; global_colors_info=&#8221;{}&#8221; icon_color__hover_enabled=&#8221;on|desktop&#8221; icon_color__hover=&#8221;#FFFFFF&#8221;][\/et_pb_icon][et_pb_icon font_icon=&#8221;&#x74;||divi||400&#8243; icon_color=&#8221;rgba(255,255,255,0.5)&#8221; icon_width=&#8221;25px&#8221; url=&#8221;\/how-it-works\/&#8221; align=&#8221;left&#8221; admin_label=&#8221;Icon ?&#8221; _builder_version=&#8221;4.22.1&#8243; _module_preset=&#8221;default&#8221; positioning=&#8221;absolute&#8221; position_origin_a=&#8221;top_right&#8221; horizontal_offset=&#8221;-760px&#8221; vertical_offset_last_edited=&#8221;off|desktop&#8221; horizontal_offset_tablet=&#8221;0px&#8221; horizontal_offset_phone=&#8221;0px&#8221; horizontal_offset_last_edited=&#8221;on|desktop&#8221; custom_margin=&#8221;10px||||false|false&#8221; global_colors_info=&#8221;{}&#8221; icon_color__hover_enabled=&#8221;on|desktop&#8221; icon_color__hover=&#8221;#FFFFFF&#8221;][\/et_pb_icon][\/et_pb_column][et_pb_column type=&#8221;1_3&#8243; _builder_version=&#8221;4.22.1&#8243; _module_preset=&#8221;default&#8221; global_colors_info=&#8221;{}&#8221;][et_pb_text _builder_version=&#8221;4.22.1&#8243; _module_preset=&#8221;default&#8221; text_text_color=&#8221;#FFFFFF&#8221; header_2_text_align=&#8221;center&#8221; header_2_text_color=&#8221;#FFFFFF&#8221; background_color=&#8221;rgba(0,0,0,0.6)&#8221; text_orientation=&#8221;center&#8221; custom_margin=&#8221;10px||||false|false&#8221; custom_margin_tablet=&#8221;10px||||false|false&#8221; custom_margin_phone=&#8221;-20px||||false|false&#8221; custom_margin_last_edited=&#8221;on|phone&#8221; custom_padding=&#8221;10px|10px|10px|10px|true|true&#8221; animation_style=&#8221;slide&#8221; animation_direction=&#8221;top&#8221; animation_delay=&#8221;250ms&#8221; border_radii=&#8221;on|15px|15px|15px|15px&#8221; border_width_all=&#8221;1px&#8221; border_color_all=&#8221;#000000&#8243; global_colors_info=&#8221;{}&#8221;]<\/p>\n<h2><strong>Entrate in un mondo di meraviglie<\/strong><\/h2>\n<p>Il nostro portale \u00e8 la vostra porta verso infinite avventure, dove ogni destinazione \u00e8 un sogno che diventa realt\u00e0.<\/p>\n<p>[\/et_pb_text][\/et_pb_column][et_pb_column type=&#8221;1_3&#8243; _builder_version=&#8221;4.22.1&#8243; _module_preset=&#8221;default&#8221; global_colors_info=&#8221;{}&#8221;][\/et_pb_column][\/et_pb_row][et_pb_row custom_padding_last_edited=&#8221;on|phone&#8221; _builder_version=&#8221;4.22.1&#8243; _module_preset=&#8221;default&#8221; background_enable_color=&#8221;off&#8221; width=&#8221;50%&#8221; width_tablet=&#8221;100%&#8221; width_phone=&#8221;100%&#8221; width_last_edited=&#8221;on|phone&#8221; height=&#8221;60vh&#8221; height_tablet=&#8221;50vh&#8221; height_phone=&#8221;40vh&#8221; height_last_edited=&#8221;on|phone&#8221; custom_padding_tablet=&#8221;&#8221; custom_padding_phone=&#8221;0px|0px|0px|0px|true|true&#8221; global_colors_info=&#8221;{}&#8221;][et_pb_column type=&#8221;4_4&#8243; _builder_version=&#8221;4.22.1&#8243; _module_preset=&#8221;default&#8221; global_colors_info=&#8221;{}&#8221;][et_pb_text _builder_version=&#8221;4.22.1&#8243; _module_preset=&#8221;default&#8221; text_text_color=&#8221;#FFFFFF&#8221; text_font_size=&#8221;1em&#8221; header_2_text_align=&#8221;center&#8221; header_2_text_color=&#8221;#FFFFFF&#8221; header_2_font_size=&#8221;1.5em&#8221; background_color=&#8221;rgba(0,0,0,0.5)&#8221; transform_rotate=&#8221;0deg|0deg|-90deg&#8221; positioning=&#8221;absolute&#8221; vertical_offset=&#8221;168px&#8221; horizontal_offset=&#8221;-130px&#8221; vertical_offset_tablet=&#8221;168px&#8221; vertical_offset_phone=&#8221;140px&#8221; vertical_offset_last_edited=&#8221;on|phone&#8221; horizontal_offset_tablet=&#8221;-130px&#8221; horizontal_offset_phone=&#8221;-70px&#8221; horizontal_offset_last_edited=&#8221;on|phone&#8221; text_orientation=&#8221;center&#8221; width=&#8221;400px&#8221; width_tablet=&#8221;400px&#8221; width_phone=&#8221;300px&#8221; width_last_edited=&#8221;on|phone&#8221; custom_padding=&#8221;10px|10px|10px|10px|true|true&#8221; animation_style=&#8221;slide&#8221; animation_direction=&#8221;left&#8221; animation_delay=&#8221;450ms&#8221; border_radii=&#8221;on|15px|15px|15px|15px&#8221; border_width_all=&#8221;1px&#8221; border_color_all=&#8221;#000000&#8243; global_colors_info=&#8221;{}&#8221; custom_css_main_element_last_edited=&#8221;off|desktop&#8221;]<\/p>\n<h2><strong>Per ogni esploratore<\/strong><\/h2>\n<p>Che siate nomadi digitali, famiglie di avventurieri, investitori o proprietari di immobili, il nostro club vi accoglie.<\/p>\n<p>[\/et_pb_text][et_pb_text _builder_version=&#8221;4.22.1&#8243; _module_preset=&#8221;default&#8221; text_text_color=&#8221;#FFFFFF&#8221; header_text_align=&#8221;center&#8221; header_text_color=&#8221;rgba(255,255,255,0.7)&#8221; header_2_text_align=&#8221;center&#8221; header_2_text_color=&#8221;#FFFFFF&#8221; background_enable_color=&#8221;off&#8221; positioning=&#8221;absolute&#8221; position_origin_a=&#8221;top_center&#8221; vertical_offset=&#8221;116px&#8221; vertical_offset_tablet=&#8221;10px&#8221; vertical_offset_phone=&#8221;-60px&#8221; vertical_offset_last_edited=&#8221;on|phone&#8221; text_orientation=&#8221;center&#8221; width=&#8221;400px&#8221; width_tablet=&#8221;&#8221; width_phone=&#8221;140px&#8221; width_last_edited=&#8221;on|phone&#8221; custom_padding=&#8221;10px|10px|10px|10px|true|true&#8221; custom_padding_tablet=&#8221;10px|10px|10px|10px|true|true&#8221; custom_padding_phone=&#8221;10px||0px||false|true&#8221; custom_padding_last_edited=&#8221;on|phone&#8221; animation_style=&#8221;fade&#8221; animation_delay=&#8221;600ms&#8221; hover_enabled=&#8221;0&#8243; background_color_phone=&#8221;rgba(0,0,0,0.3)&#8221; background_last_edited=&#8221;on|phone&#8221; background_enable_color_phone=&#8221;on&#8221; header_text_shadow_style=&#8221;preset3&#8243; header_text_shadow_color=&#8221;#FFFFFF&#8221; border_radii_tablet=&#8221;&#8221; border_radii_phone=&#8221;on|15px|15px|15px|15px&#8221; border_radii_last_edited=&#8221;on|phone&#8221; border_width_all_tablet=&#8221;&#8221; border_width_all_phone=&#8221;1px&#8221; border_width_all_last_edited=&#8221;on|phone&#8221; global_colors_info=&#8221;{}&#8221; header_text_color__hover_enabled=&#8221;on|desktop&#8221; header_text_color__hover=&#8221;#FFF370&#8243; custom_css_main_element_last_edited=&#8221;off|desktop&#8221; sticky_enabled=&#8221;0&#8243;]<\/p>\n<h1><a class=\"join-the-club-link\" href=\"#jointheclub\">CLICCA PER ADERIRE<\/a><\/h1>\n<p>[\/et_pb_text][et_pb_text _builder_version=&#8221;4.22.1&#8243; _module_preset=&#8221;default&#8221; text_text_color=&#8221;#FFFFFF&#8221; header_2_text_align=&#8221;center&#8221; header_2_text_color=&#8221;#FFFFFF&#8221; header_2_font_size=&#8221;1.5em&#8221; background_color=&#8221;rgba(0,0,0,0.5)&#8221; transform_rotate=&#8221;0deg|0deg|90deg&#8221; positioning=&#8221;absolute&#8221; position_origin_a=&#8221;top_right&#8221; vertical_offset=&#8221;168px&#8221; horizontal_offset=&#8221;-120px&#8221; vertical_offset_tablet=&#8221;168px&#8221; vertical_offset_phone=&#8221;130px&#8221; vertical_offset_last_edited=&#8221;on|phone&#8221; horizontal_offset_tablet=&#8221;-120px&#8221; horizontal_offset_phone=&#8221;-70px&#8221; horizontal_offset_last_edited=&#8221;on|phone&#8221; text_orientation=&#8221;center&#8221; width=&#8221;400px&#8221; width_tablet=&#8221;400px&#8221; width_phone=&#8221;300px&#8221; width_last_edited=&#8221;on|phone&#8221; custom_padding=&#8221;10px|10px|10px|10px|true|true&#8221; animation_style=&#8221;slide&#8221; animation_direction=&#8221;right&#8221; animation_delay=&#8221;300ms&#8221; border_radii=&#8221;on|15px|15px|15px|15px&#8221; border_width_all=&#8221;1px&#8221; border_color_all=&#8221;#000000&#8243; global_colors_info=&#8221;{}&#8221; custom_css_main_element_last_edited=&#8221;off|desktop&#8221;]<\/p>\n<h2><strong>Investite per il domani, entrate oggi nel portale!<\/strong><\/h2>\n<p>Esplorate il mondo degli investimenti immobiliari attraverso il nostro club, diversificando il vostro portafoglio.<\/p>\n<p>[\/et_pb_text][\/et_pb_column][\/et_pb_row][et_pb_row column_structure=&#8221;1_3,1_3,1_3&#8243; custom_padding_last_edited=&#8221;on|phone&#8221; _builder_version=&#8221;4.22.1&#8243; _module_preset=&#8221;default&#8221; custom_margin=&#8221;||||false|false&#8221; custom_padding=&#8221;||||false|false&#8221; custom_padding_tablet=&#8221;0px||||false|false&#8221; custom_padding_phone=&#8221;100px||||false|false&#8221; global_colors_info=&#8221;{}&#8221;][et_pb_column type=&#8221;1_3&#8243; _builder_version=&#8221;4.22.1&#8243; _module_preset=&#8221;default&#8221; global_colors_info=&#8221;{}&#8221;][\/et_pb_column][et_pb_column type=&#8221;1_3&#8243; _builder_version=&#8221;4.22.1&#8243; _module_preset=&#8221;default&#8221; global_colors_info=&#8221;{}&#8221;][et_pb_text _builder_version=&#8221;4.22.1&#8243; _module_preset=&#8221;default&#8221; text_text_color=&#8221;#FFFFFF&#8221; header_2_text_align=&#8221;center&#8221; header_2_text_color=&#8221;#FFFFFF&#8221; background_color=&#8221;rgba(0,0,0,0.5)&#8221; position_origin_a_tablet=&#8221;&#8221; position_origin_a_phone=&#8221;top_center&#8221; position_origin_a_last_edited=&#8221;on|phone&#8221; position_origin_f_tablet=&#8221;&#8221; position_origin_f_phone=&#8221;&#8221; position_origin_f_last_edited=&#8221;on|phone&#8221; position_origin_r_tablet=&#8221;&#8221; position_origin_r_phone=&#8221;&#8221; position_origin_r_last_edited=&#8221;on|phone&#8221; text_orientation=&#8221;center&#8221; width_tablet=&#8221;&#8221; width_phone=&#8221;100%&#8221; width_last_edited=&#8221;on|phone&#8221; custom_padding=&#8221;10px|10px|10px|10px|true|true&#8221; animation_style=&#8221;slide&#8221; animation_direction=&#8221;bottom&#8221; animation_delay=&#8221;400ms&#8221; positioning_tablet=&#8221;&#8221; positioning_phone=&#8221;absolute&#8221; positioning_last_edited=&#8221;on|phone&#8221; border_radii=&#8221;on|15px|15px|15px|15px&#8221; border_width_all=&#8221;1px&#8221; border_color_all=&#8221;#000000&#8243; global_colors_info=&#8221;{}&#8221;]<\/p>\n<h2><strong>Cogliere l&#8217;attimo<\/strong><\/h2>\n<p>Non aspettate: la vostra prossima grande avventura \u00e8 a portata di clic. Entrate nel portale e sbloccate il vostro viaggio oggi stesso.<\/p>\n<p>[\/et_pb_text][\/et_pb_column][et_pb_column type=&#8221;1_3&#8243; _builder_version=&#8221;4.22.1&#8243; _module_preset=&#8221;default&#8221; global_colors_info=&#8221;{}&#8221;][\/et_pb_column][\/et_pb_row][\/et_pb_section]<\/p>\n<span class=\"et_bloom_bottom_trigger\"><\/span>","protected":false},"excerpt":{"rendered":"<p>Unisciti al club<\/p>\n","protected":false},"author":1,"featured_media":0,"parent":0,"menu_order":0,"comment_status":"closed","ping_status":"closed","template":"","meta":{"_et_pb_use_builder":"on","_et_pb_old_content":"","_et_gb_content_width":"","footnotes":""},"class_list":["post-7253","page","type-page","status-publish","hentry"],"_links":{"self":[{"href":"https:\/\/4.vacations\/it\/wp-json\/wp\/v2\/pages\/7253","targetHints":{"allow":["GET"]}}],"collection":[{"href":"https:\/\/4.vacations\/it\/wp-json\/wp\/v2\/pages"}],"about":[{"href":"https:\/\/4.vacations\/it\/wp-json\/wp\/v2\/types\/page"}],"author":[{"embeddable":true,"href":"https:\/\/4.vacations\/it\/wp-json\/wp\/v2\/users\/1"}],"replies":[{"embeddable":true,"href":"https:\/\/4.vacations\/it\/wp-json\/wp\/v2\/comments?post=7253"}],"version-history":[{"count":0,"href":"https:\/\/4.vacations\/it\/wp-json\/wp\/v2\/pages\/7253\/revisions"}],"wp:attachment":[{"href":"https:\/\/4.vacations\/it\/wp-json\/wp\/v2\/media?parent=7253"}],"curies":[{"name":"wp","href":"https:\/\/api.w.org\/{rel}","templated":true}]}}